{"id":14,"date":"2014-12-22T09:39:45","date_gmt":"2014-12-22T09:39:45","guid":{"rendered":"http:\/\/praxis-dr-szymanowski.de\/wordpress\/?page_id=14"},"modified":"2021-12-21T14:36:20","modified_gmt":"2021-12-21T14:36:20","slug":"kassenaerztliche-leistungen","status":"publish","type":"page","link":"https:\/\/praxis-dr-szymanowski.de\/?page_id=14","title":{"rendered":"Kassen\u00e4rztliche Leistungen"},"content":{"rendered":"<h4>Folgende Leistungen k\u00f6nnen wir Ihnen anbieten:<\/h4>\n<ul>\n<li>Herz-Kreislauf-Diagnostik, inkl. EKG, 24h-Blutdruckmessung<\/li>\n<li>Lungenfunktionstest<\/li>\n<li>Labordiagnostik<\/li>\n<li>Allergiebehandlung<\/li>\n<li>Vorsorgeuntersuchungen\n<ul>\n<li>Gesundheitscheck ab 35 Jahre<\/li>\n<li>Krebsvorsorge f\u00fcr M\u00e4nner<\/li>\n<li>Kinder- und Jugendvorsorgeuntersuchungen<\/li>\n<li>Hautkrebsscreening ab 35 Jahre<\/li>\n<\/ul>\n<\/li>\n<li>Impfungen auch f\u00fcr Reisen<\/li>\n<li>COVID-Impfungen<\/li>\n<li>Jugendschutzuntersuchungen<\/li>\n<li>F\u00fchrerscheinuntersuchungen alle Klassen<\/li>\n<li>Behandlung chronischer Krankheiten &#8211; DMP-Programme\n<ul>\n<li>Koronare Herzkrankheit (KHK)<\/li>\n<li>Chronisch obstruktive Bronchitis (COPD)<\/li>\n<li>Diabetes mellitus (DM)<\/li>\n<li>Arterielle Hypertonie<\/li>\n<li>Asthma Bronchiale<\/li>\n<\/ul>\n<\/li>\n<li>Inhalationstherapie<\/li>\n<li>Infusionstherapie<\/li>\n<li>Reizstrombehandlung<\/li>\n<li>Sauerstoffmessung<\/li>\n<\/ul>\n","protected":false},"excerpt":{"rendered":"<p>Folgende Leistungen k\u00f6nnen wir Ihnen anbieten: Herz-Kreislauf-Diagnostik, inkl. EKG, 24h-Blutdruckmessung Lungenfunktionstest Labordiagnostik Allergiebehandlung Vorsorgeuntersuchungen Gesundheitscheck ab 35 Jahre Krebsvorsorge f\u00fcr M\u00e4nner Kinder- und Jugendvorsorgeuntersuchungen Hautkrebsscreening ab 35 Jahre Impfungen auch f\u00fcr Reisen COVID-Impfungen Jugendschutzuntersuchungen F\u00fchrerscheinuntersuchungen alle Klassen Behandlung chronischer Krankheiten &#8211; DMP-Programme Koronare Herzkrankheit (KHK) Chronisch obstruktive Bronchitis (COPD) Diabetes<\/p>\n","protected":false},"author":1,"featured_media":0,"parent":11,"menu_order":0,"comment_status":"closed","ping_status":"closed","template":"full-width.php","meta":{"footnotes":""},"class_list":["post-14","page","type-page","status-publish","hentry"],"_links":{"self":[{"href":"https:\/\/praxis-dr-szymanowski.de\/index.php?rest_route=\/wp\/v2\/pages\/14","targetHints":{"allow":["GET"]}}],"collection":[{"href":"https:\/\/praxis-dr-szymanowski.de\/index.php?rest_route=\/wp\/v2\/pages"}],"about":[{"href":"https:\/\/praxis-dr-szymanowski.de\/index.php?rest_route=\/wp\/v2\/types\/page"}],"author":[{"embeddable":true,"href":"https:\/\/praxis-dr-szymanowski.de\/index.php?rest_route=\/wp\/v2\/users\/1"}],"replies":[{"embeddable":true,"href":"https:\/\/praxis-dr-szymanowski.de\/index.php?rest_route=%2Fwp%2Fv2%2Fcomments&post=14"}],"version-history":[{"count":6,"href":"https:\/\/praxis-dr-szymanowski.de\/index.php?rest_route=\/wp\/v2\/pages\/14\/revisions"}],"predecessor-version":[{"id":179,"href":"https:\/\/praxis-dr-szymanowski.de\/index.php?rest_route=\/wp\/v2\/pages\/14\/revisions\/179"}],"up":[{"embeddable":true,"href":"https:\/\/praxis-dr-szymanowski.de\/index.php?rest_route=\/wp\/v2\/pages\/11"}],"wp:attachment":[{"href":"https:\/\/praxis-dr-szymanowski.de\/index.php?rest_route=%2Fwp%2Fv2%2Fmedia&parent=14"}],"curies":[{"name":"wp","href":"https:\/\/api.w.org\/{rel}","templated":true}]}}