{"id":24,"date":"2014-12-22T11:59:48","date_gmt":"2014-12-22T11:59:48","guid":{"rendered":"http:\/\/praxis-dr-szymanowski.de\/wordpress\/?page_id=24"},"modified":"2021-12-21T14:37:26","modified_gmt":"2021-12-21T14:37:26","slug":"igel","status":"publish","type":"page","link":"https:\/\/praxis-dr-szymanowski.de\/?page_id=24","title":{"rendered":"IGeL"},"content":{"rendered":"<h4>Individuelle Gesundheitsleistungen<\/h4>\n<p>L\u00e4ngst werden von den gesetzlichen Krankenkassen nicht mehr alle Leistungen, die medizinisch sinnvoll und w\u00fcnschenswert sind, f\u00fcr die Versicherten bezahlt. \u00c4rzte k\u00f6nnen ihren gesetzlich krankenversicherten Patienten jedoch sogenannte \u201eIndividuelle Gesundheitsleistungen\u201c (abgek\u00fcrzt IGeL) anbieten. Diese sinnvollen Leistungen m\u00fcssen von den Patienten selbst bezahlt werden. Was ist bei diesen \u201eInvestitionen in die eigene Gesundheit\u201c zu beachten?<\/p>\n<h5>Warum bezahlt die Krankenkasse nicht alle Kosten?<\/h5>\n<p>Die gesetzlichen Krankenkassen sind durch den Gesetzgeber verpflichtet worden, nur eine ausreichende und notwendige Versorgung der Patienten mit Gesundheitsleistungen zu erstatten. Dar\u00fcber hinaus sind viele Untersuchungen und Behandlungen sehr sinnvoll und tragen zu Ihrer Gesundheit bei. Trotzdem werden diese Ma\u00dfnahmen von den Kassen nicht mehr bezahlt.<\/p>\n<h5>Welche Leistungen geh\u00f6ren zu den IGeL-Leistungen?<\/h5>\n<p>Es gibt keinen fest definierten Leistungskatalog, der alle denkbaren individuellen Gesundheitsleistungen festschreibt. Grunds\u00e4tzlich geh\u00f6ren dazu alle Leistungen, die aus beruflichem oder privatem Interesse des Patienten erbracht werden. Darunter fallen z. B. Sportuntersuchen oder Impfungen bei Auslandsreisen. Au\u00dferdem m\u00fcssen Untersuchungen oder Behandlungen, die noch nicht vollst\u00e4ndig medizinisch anerkannt sind von den Versicherten selbst gezahlt werden. Darunter f\u00e4llt z. B. ein Teil der Akupunktur-Behandlung. Schon seit langer Zeit m\u00fcssen auch Bescheinigungen und Atteste von den Patienten selbst getragen werden. Bestimmte Vorsorgeuntersuchungen wie z. B. die Augeninnendruck-Messung beim Augenarzt oder eine Untersuchung auf Hautkrebs k\u00f6nnen vom Arzt nicht mehr automatisch mit der Krankenkasse abgerechnet werden. Solche Leistungen k\u00f6nnen nur zu Lasten der Kassen erbracht werden, wenn konkrete Vorbelastungen vorhanden sind.<\/p>\n<h5>Welche individuellen Gesundheitsleistungen sind empfehlenswert?<\/h5>\n<p>Ob eine privat zu zahlende Untersuchung oder Behandlung f\u00fcr Ihre spezielle Situation sinnvoll ist, kann nur Ihr betreuender Arzt mit Ihnen absprechen. Wie der Name schon sagt, sind es individuelle Gesundheitsleistungen. Eine allgemeing\u00fcltige Aussage gibt es dazu nicht.<\/p>\n<h5>Beratung durch den Arzt<\/h5>\n<p>Einige Patienten f\u00fcrchten, dass der Arzt Leistungen erbringt und erst sp\u00e4ter auf die Kosten zu sprechen kommt. Diese Sorge ist vollkommen unberechtigt. Die \u00c4rzte sind verpflichtet vor einer Untersuchung oder Behandlung, f\u00fcr die der Patient die Kosten selbst tragen muss, eine genaue Aufkl\u00e4rung vorzunehmen. Diese Aufkl\u00e4rung muss sachlich erfolgen und f\u00fcr die Patienten verst\u00e4ndlich sein. Die Patienten sollen vorweg ihr schriftliches Einverst\u00e4ndnis erkl\u00e4ren. Nehmen Sie sich Zeit f\u00fcr eine Entscheidung und fragen Sie beim Arzt oder seinem Team nach, wenn Sie sich noch unsicher f\u00fchlen.<\/p>\n<h5>Abrechnung nach erbrachter Leistung<\/h5>\n<p>Nach dem der Arzt seine Leistung erbracht hat, erstellt sein Team einen Rechnungsbeleg. Entweder wird der Patient auf eine m\u00f6gliche Barzahlung hingewiesen oder die Rechnung kann anschlie\u00dfend \u00fcberwiesen werden. Die Kosten f\u00fcr solche Gesundheitsleistungen des Arztes sind h\u00e4ufig niedriger, als viele Patienten f\u00fcr einen Friseurbesuch oder f\u00fcr eine spezielle Autopflege ausgeben.<\/p>\n<h5>Diese Leistungen werden nicht von den gesetzlichen Krankenkassen \u00fcbernommen:<\/h5>\n<ul>\n<li>M\u00e4nnergesundheitsmedizin<\/li>\n<li>Hormonbestimmung<\/li>\n<li>Magnetfeldtherapie<\/li>\n<li>Eigenbluttherapie<\/li>\n<li>Ern\u00e4hrungsberatung<\/li>\n<li>Pr\u00e4ventionsberatung<\/li>\n<li>Ultraschalluntersuchung<\/li>\n<li>Vitaminkuren<\/li>\n<li>\u00c4sthetische Chirurgie<\/li>\n<li>Autoh\u00e4motherapie bei Herpes simplex<\/li>\n<\/ul>\n<p><strong>Krankenkassen zahlen nur das medizinisch Notwendige. Dabei ist es h\u00e4ufig sinnvoll mehr f\u00fcr seine Gesundheit zu tun, als nur das dringend Notwendige. Ihre Gesundheit sollte es Ihnen Wert sein, mit Ihrem Arzt \u00fcber sinnvolle Ma\u00dfnahmen zu sprechen.<\/strong><\/p>\n","protected":false},"excerpt":{"rendered":"<p>Individuelle Gesundheitsleistungen L\u00e4ngst werden von den gesetzlichen Krankenkassen nicht mehr alle Leistungen, die medizinisch sinnvoll und w\u00fcnschenswert sind, f\u00fcr die Versicherten bezahlt. \u00c4rzte k\u00f6nnen ihren gesetzlich krankenversicherten Patienten jedoch sogenannte \u201eIndividuelle Gesundheitsleistungen\u201c (abgek\u00fcrzt IGeL) anbieten. Diese sinnvollen Leistungen m\u00fcssen von den Patienten selbst bezahlt werden. Was ist bei diesen \u201eInvestitionen<\/p>\n","protected":false},"author":1,"featured_media":0,"parent":11,"menu_order":0,"comment_status":"closed","ping_status":"closed","template":"full-width.php","meta":{"footnotes":""},"class_list":["post-24","page","type-page","status-publish","hentry"],"_links":{"self":[{"href":"https:\/\/praxis-dr-szymanowski.de\/index.php?rest_route=\/wp\/v2\/pages\/24","targetHints":{"allow":["GET"]}}],"collection":[{"href":"https:\/\/praxis-dr-szymanowski.de\/index.php?rest_route=\/wp\/v2\/pages"}],"about":[{"href":"https:\/\/praxis-dr-szymanowski.de\/index.php?rest_route=\/wp\/v2\/types\/page"}],"author":[{"embeddable":true,"href":"https:\/\/praxis-dr-szymanowski.de\/index.php?rest_route=\/wp\/v2\/users\/1"}],"replies":[{"embeddable":true,"href":"https:\/\/praxis-dr-szymanowski.de\/index.php?rest_route=%2Fwp%2Fv2%2Fcomments&post=24"}],"version-history":[{"count":5,"href":"https:\/\/praxis-dr-szymanowski.de\/index.php?rest_route=\/wp\/v2\/pages\/24\/revisions"}],"predecessor-version":[{"id":180,"href":"https:\/\/praxis-dr-szymanowski.de\/index.php?rest_route=\/wp\/v2\/pages\/24\/revisions\/180"}],"up":[{"embeddable":true,"href":"https:\/\/praxis-dr-szymanowski.de\/index.php?rest_route=\/wp\/v2\/pages\/11"}],"wp:attachment":[{"href":"https:\/\/praxis-dr-szymanowski.de\/index.php?rest_route=%2Fwp%2Fv2%2Fmedia&parent=24"}],"curies":[{"name":"wp","href":"https:\/\/api.w.org\/{rel}","templated":true}]}}