{"id":40,"date":"2014-12-22T12:39:30","date_gmt":"2014-12-22T12:39:30","guid":{"rendered":"http:\/\/praxis-dr-szymanowski.de\/wordpress\/?page_id=40"},"modified":"2021-12-21T14:32:46","modified_gmt":"2021-12-21T14:32:46","slug":"impressum","status":"publish","type":"page","link":"https:\/\/praxis-dr-szymanowski.de\/?page_id=40","title":{"rendered":"Impressum"},"content":{"rendered":"<h2>Praxis Szymanowski<\/h2>\n<p>Grashoffstra\u00dfe 7<br \/>\n27570 Bremerhaven<\/p>\n<p>Telefon: (0471) 2 30 77<br \/>\nTelefax: (0471) 2 30 78<br \/>\nE-Mail: j.szymanowski(\u00e4t)nord-com.net<\/p>\n<h2>Berufsspezifische Angaben<\/h2>\n<ul>\n<li>Die Berufsbezeichnung Arzt wurde in Deutschland verliehen.<\/li>\n<li>Zust\u00e4ndige \u00c4rztekammer: Bremen<\/li>\n<li>Zust\u00e4ndige Kassen\u00e4rztliche Vereinigung: Bremen<\/li>\n<\/ul>\n<p>Es gelten folgende berufsrechtliche Regelungen:<\/p>\n<ul>\n<li>Berufsordnung der \u00c4rzte Bremens<\/li>\n<li>Heilberufegesetz des Landes Bremen<\/li>\n<\/ul>\n<h2>Verantwortlich f\u00fcr den Inhalt<\/h2>\n<p>Johannes Szymanowski<\/p>\n<h2>Gestaltung und Umsetzung der Webseite<\/h2>\n<p><a href=\"http:\/\/www.medien-druckerei.de\/\" target=\"_blank\">Medien Druckerei<\/a><\/p>\n<h2>Datenschutzerkl\u00e4rung<\/h2>\n<p>Sie k\u00f6nnen unsere Webseite besuchen, ohne uns mitzuteilen, wer Sie sind. Sie bleiben anonym. Automatisch wird beim Besuch unserer Homepage der Name Ihres Internet Service Providers, die Adresse der Website, von der aus Sie zu uns gekommen sind und die Seiten, die besucht werden, protokolliert. Diese Informationen werden zu statistischen Zwecken ausgewertet. Es erfolgt keine Weitergabe an Dritte.<\/p>\n<p>Wir machen Sie darauf aufmerksam, dass Informationen \u00fcber die Kontaktformulare in Form einer E-Mail ungesch\u00fctzt \u00fcbermittelt werden und von Dritten eingesehen werden k\u00f6nnen. Wir k\u00f6nnen deshalb keine Garantie f\u00fcr die Vertraulichkeit dieser Daten\u00fcbermittlung \u00fcbernehmen. Die pers\u00f6nlichen Daten, die wir von Ihnen erheben, werden ausschlie\u00dflich dazu genutzt, um die angeforderte Leistung zu erbringen. Es erfolgt keine Weitergabe an Dritte.<\/p>\n<p>Alle Anfragen, die uns erreichen, werden vertraulich behandelt und nach M\u00f6glichkeit werktags noch am selben Tag beantwortet.<\/p>\n","protected":false},"excerpt":{"rendered":"<p>Praxis Szymanowski Grashoffstra\u00dfe 7 27570 Bremerhaven Telefon: (0471) 2 30 77 Telefax: (0471) 2 30 78 E-Mail: j.szymanowski(\u00e4t)nord-com.net Berufsspezifische Angaben Die Berufsbezeichnung Arzt wurde in Deutschland verliehen. Zust\u00e4ndige \u00c4rztekammer: Bremen Zust\u00e4ndige Kassen\u00e4rztliche Vereinigung: Bremen Es gelten folgende berufsrechtliche Regelungen: Berufsordnung der \u00c4rzte Bremens Heilberufegesetz des Landes Bremen Verantwortlich f\u00fcr den<\/p>\n","protected":false},"author":1,"featured_media":0,"parent":0,"menu_order":0,"comment_status":"closed","ping_status":"closed","template":"full-width.php","meta":{"footnotes":""},"class_list":["post-40","page","type-page","status-publish","hentry"],"_links":{"self":[{"href":"https:\/\/praxis-dr-szymanowski.de\/index.php?rest_route=\/wp\/v2\/pages\/40","targetHints":{"allow":["GET"]}}],"collection":[{"href":"https:\/\/praxis-dr-szymanowski.de\/index.php?rest_route=\/wp\/v2\/pages"}],"about":[{"href":"https:\/\/praxis-dr-szymanowski.de\/index.php?rest_route=\/wp\/v2\/types\/page"}],"author":[{"embeddable":true,"href":"https:\/\/praxis-dr-szymanowski.de\/index.php?rest_route=\/wp\/v2\/users\/1"}],"replies":[{"embeddable":true,"href":"https:\/\/praxis-dr-szymanowski.de\/index.php?rest_route=%2Fwp%2Fv2%2Fcomments&post=40"}],"version-history":[{"count":10,"href":"https:\/\/praxis-dr-szymanowski.de\/index.php?rest_route=\/wp\/v2\/pages\/40\/revisions"}],"predecessor-version":[{"id":172,"href":"https:\/\/praxis-dr-szymanowski.de\/index.php?rest_route=\/wp\/v2\/pages\/40\/revisions\/172"}],"wp:attachment":[{"href":"https:\/\/praxis-dr-szymanowski.de\/index.php?rest_route=%2Fwp%2Fv2%2Fmedia&parent=40"}],"curies":[{"name":"wp","href":"https:\/\/api.w.org\/{rel}","templated":true}]}}